{"id":10,"date":"2025-03-04T18:29:19","date_gmt":"2025-03-04T18:29:19","guid":{"rendered":"https:\/\/jugendlager.at\/?page_id=10"},"modified":"2026-03-17T16:24:25","modified_gmt":"2026-03-17T15:24:25","slug":"home","status":"publish","type":"page","link":"https:\/\/jugendlager.at\/","title":{"rendered":"Home"},"content":{"rendered":"\t\t<div data-elementor-type=\"wp-page\" data-elementor-id=\"10\" class=\"elementor elementor-10\">\n\t\t\t\t<div class=\"elementor-element elementor-element-47023e5 e-con-full e-flex e-con e-parent\" data-id=\"47023e5\" data-element_type=\"container\" data-e-type=\"container\" data-settings=\"{&quot;background_background&quot;:&quot;classic&quot;}\">\n\t\t\t\t<div class=\"elementor-element elementor-element-7acdb44 elementor-widget elementor-widget-image\" data-id=\"7acdb44\" data-element_type=\"widget\" data-e-type=\"widget\" data-widget_type=\"image.default\">\n\t\t\t\t<div class=\"elementor-widget-container\">\n\t\t\t\t\t\t\t\t\t\t\t\t\t\t\t<img fetchpriority=\"high\" decoding=\"async\" width=\"600\" height=\"600\" src=\"https:\/\/jugendlager.at\/wp-content\/uploads\/2025\/03\/cropped-Logo-mit-Feuerrad-XHDGq-600x600.png\" class=\"attachment-ocean-thumb-m size-ocean-thumb-m wp-image-55\" alt=\"\" srcset=\"https:\/\/jugendlager.at\/wp-content\/uploads\/2025\/03\/cropped-Logo-mit-Feuerrad-XHDGq-600x600.png 600w, https:\/\/jugendlager.at\/wp-content\/uploads\/2025\/03\/cropped-Logo-mit-Feuerrad-XHDGq-300x300.png 300w, https:\/\/jugendlager.at\/wp-content\/uploads\/2025\/03\/cropped-Logo-mit-Feuerrad-XHDGq-1024x1024.png 1024w, https:\/\/jugendlager.at\/wp-content\/uploads\/2025\/03\/cropped-Logo-mit-Feuerrad-XHDGq-150x150.png 150w, https:\/\/jugendlager.at\/wp-content\/uploads\/2025\/03\/cropped-Logo-mit-Feuerrad-XHDGq-768x768.png 768w, https:\/\/jugendlager.at\/wp-content\/uploads\/2025\/03\/cropped-Logo-mit-Feuerrad-XHDGq-1536x1536.png 1536w, https:\/\/jugendlager.at\/wp-content\/uploads\/2025\/03\/cropped-Logo-mit-Feuerrad-XHDGq-2048x2048.png 2048w\" sizes=\"(max-width: 600px) 100vw, 600px\" \/>\t\t\t\t\t\t\t\t\t\t\t\t\t\t\t<\/div>\n\t\t\t\t<\/div>\n\t\t\t\t<\/div>\n\t\t<div class=\"elementor-element elementor-element-b590900 e-flex e-con-boxed e-con e-parent\" data-id=\"b590900\" data-element_type=\"container\" data-e-type=\"container\">\n\t\t\t\t\t<div class=\"e-con-inner\">\n\t\t\t\t<div class=\"elementor-element elementor-element-022fe16 elementor-widget elementor-widget-spacer\" data-id=\"022fe16\" data-element_type=\"widget\" data-e-type=\"widget\" data-widget_type=\"spacer.default\">\n\t\t\t\t<div class=\"elementor-widget-container\">\n\t\t\t\t\t\t\t<div class=\"elementor-spacer\">\n\t\t\t<div class=\"elementor-spacer-inner\"><\/div>\n\t\t<\/div>\n\t\t\t\t\t\t<\/div>\n\t\t\t\t<\/div>\n\t\t\t\t\t<\/div>\n\t\t\t\t<\/div>\n\t\t<div class=\"elementor-element elementor-element-4b536a8 e-flex e-con-boxed e-con e-parent\" data-id=\"4b536a8\" data-element_type=\"container\" data-e-type=\"container\">\n\t\t\t\t\t<div class=\"e-con-inner\">\n\t\t\t\t<div class=\"elementor-element elementor-element-0c5f37c elementor-widget elementor-widget-heading\" data-id=\"0c5f37c\" data-element_type=\"widget\" data-e-type=\"widget\" data-widget_type=\"heading.default\">\n\t\t\t\t<div class=\"elementor-widget-container\">\n\t\t\t\t\t<h2 class=\"elementor-heading-title elementor-size-default\">Willkommen beim Jugendlager 2026 in Burgkirchen!<\/h2>\t\t\t\t<\/div>\n\t\t\t\t<\/div>\n\t\t\t\t\t<\/div>\n\t\t\t\t<\/div>\n\t\t<div class=\"elementor-element elementor-element-b9ad3d6 e-flex e-con-boxed e-con e-parent\" data-id=\"b9ad3d6\" data-element_type=\"container\" data-e-type=\"container\" data-settings=\"{&quot;background_background&quot;:&quot;classic&quot;}\">\n\t\t\t\t\t<div class=\"e-con-inner\">\n\t\t<div class=\"elementor-element elementor-element-40dfa14 e-con-full e-flex e-con e-child\" data-id=\"40dfa14\" data-element_type=\"container\" data-e-type=\"container\">\n\t\t\t\t<div class=\"elementor-element elementor-element-1ba2967 elementor-widget elementor-widget-text-editor\" data-id=\"1ba2967\" data-element_type=\"widget\" data-e-type=\"widget\" data-widget_type=\"text-editor.default\">\n\t\t\t\t<div class=\"elementor-widget-container\">\n\t\t\t\t\t\t\t\t\t<p>Von <strong data-start=\"114\" data-end=\"139\">15. bis 21. Juli 2026<\/strong> wird die Gemeinde Burgkirchen zum Treffpunkt f\u00fcr rund <strong data-start=\"194\" data-end=\"214\" data-is-only-node=\"\">3000 Jugendliche<\/strong> aus den Bezirken <strong data-start=\"232\" data-end=\"284\">Braunau, V\u00f6cklabruck, Sch\u00e4rding und Grieskirchen<\/strong>.<br \/>Eine Woche voller Gemeinschaft, Action, Spa\u00df und unvergesslicher Erlebnisse erwartet euch \u2013 mit spannenden Programmpunkten, neuen Freundschaften und jeder Menge Lagerfeeling mitten in Burgkirchen.<\/p>\t\t\t\t\t\t\t\t<\/div>\n\t\t\t\t<\/div>\n\t\t\t\t<\/div>\n\t\t\t\t\t<\/div>\n\t\t\t\t<\/div>\n\t\t<div class=\"elementor-element elementor-element-0f51fe6 e-flex e-con-boxed e-con e-parent\" data-id=\"0f51fe6\" data-element_type=\"container\" data-e-type=\"container\">\n\t\t\t\t\t<div class=\"e-con-inner\">\n\t\t\t\t<div class=\"elementor-element elementor-element-91d1d62 elementor-widget elementor-widget-spacer\" data-id=\"91d1d62\" data-element_type=\"widget\" data-e-type=\"widget\" data-widget_type=\"spacer.default\">\n\t\t\t\t<div class=\"elementor-widget-container\">\n\t\t\t\t\t\t\t<div class=\"elementor-spacer\">\n\t\t\t<div class=\"elementor-spacer-inner\"><\/div>\n\t\t<\/div>\n\t\t\t\t\t\t<\/div>\n\t\t\t\t<\/div>\n\t\t\t\t\t<\/div>\n\t\t\t\t<\/div>\n\t\t<div class=\"elementor-element elementor-element-1436eb3 e-flex e-con-boxed e-con e-parent\" data-id=\"1436eb3\" data-element_type=\"container\" data-e-type=\"container\">\n\t\t\t\t\t<div class=\"e-con-inner\">\n\t\t\t\t<div class=\"elementor-element elementor-element-7873e25 elementor-widget elementor-widget-heading\" data-id=\"7873e25\" data-element_type=\"widget\" data-e-type=\"widget\" data-widget_type=\"heading.default\">\n\t\t\t\t<div class=\"elementor-widget-container\">\n\t\t\t\t\t<h2 class=\"elementor-heading-title elementor-size-default\">Das Jugendlager in Zahlen<\/h2>\t\t\t\t<\/div>\n\t\t\t\t<\/div>\n\t\t\t\t\t<\/div>\n\t\t\t\t<\/div>\n\t\t<div class=\"elementor-element elementor-element-2b3fef9 e-con-full e-flex e-con e-parent\" data-id=\"2b3fef9\" data-element_type=\"container\" data-e-type=\"container\" data-settings=\"{&quot;background_background&quot;:&quot;classic&quot;}\">\n\t\t\t\t<div class=\"elementor-element elementor-element-c9a7c80 elementor-widget__width-initial elementor-widget elementor-widget-counter\" data-id=\"c9a7c80\" data-element_type=\"widget\" data-e-type=\"widget\" data-widget_type=\"counter.default\">\n\t\t\t\t<div class=\"elementor-widget-container\">\n\t\t\t\t\t\t\t<div class=\"elementor-counter\">\n\t\t\t<div class=\"elementor-counter-title\">Bezirke<\/div>\t\t\t<div class=\"elementor-counter-number-wrapper\">\n\t\t\t\t<span class=\"elementor-counter-number-prefix\"><\/span>\n\t\t\t\t<span class=\"elementor-counter-number\" data-duration=\"2000\" data-to-value=\"4\" data-from-value=\"0\" data-delimiter=\",\">0<\/span>\n\t\t\t\t<span class=\"elementor-counter-number-suffix\"><\/span>\n\t\t\t<\/div>\n\t\t<\/div>\n\t\t\t\t\t\t<\/div>\n\t\t\t\t<\/div>\n\t\t\t\t<div class=\"elementor-element elementor-element-61195b5 elementor-widget__width-initial elementor-widget elementor-widget-counter\" data-id=\"61195b5\" data-element_type=\"widget\" data-e-type=\"widget\" data-widget_type=\"counter.default\">\n\t\t\t\t<div class=\"elementor-widget-container\">\n\t\t\t\t\t\t\t<div class=\"elementor-counter\">\n\t\t\t<div class=\"elementor-counter-title\">Jugendliche<\/div>\t\t\t<div class=\"elementor-counter-number-wrapper\">\n\t\t\t\t<span class=\"elementor-counter-number-prefix\"><\/span>\n\t\t\t\t<span class=\"elementor-counter-number\" data-duration=\"2000\" data-to-value=\"3000\" data-from-value=\"0\">0<\/span>\n\t\t\t\t<span class=\"elementor-counter-number-suffix\"><\/span>\n\t\t\t<\/div>\n\t\t<\/div>\n\t\t\t\t\t\t<\/div>\n\t\t\t\t<\/div>\n\t\t\t\t<div class=\"elementor-element elementor-element-6adb935 elementor-widget__width-initial elementor-widget elementor-widget-counter\" data-id=\"6adb935\" data-element_type=\"widget\" data-e-type=\"widget\" data-widget_type=\"counter.default\">\n\t\t\t\t<div class=\"elementor-widget-container\">\n\t\t\t\t\t\t\t<div class=\"elementor-counter\">\n\t\t\t<div class=\"elementor-counter-title\">Tage<\/div>\t\t\t<div class=\"elementor-counter-number-wrapper\">\n\t\t\t\t<span class=\"elementor-counter-number-prefix\"><\/span>\n\t\t\t\t<span class=\"elementor-counter-number\" data-duration=\"2000\" data-to-value=\"7\" data-from-value=\"0\" data-delimiter=\",\">0<\/span>\n\t\t\t\t<span class=\"elementor-counter-number-suffix\"><\/span>\n\t\t\t<\/div>\n\t\t<\/div>\n\t\t\t\t\t\t<\/div>\n\t\t\t\t<\/div>\n\t\t\t\t<\/div>\n\t\t<div class=\"elementor-element elementor-element-e064081 e-flex e-con-boxed e-con e-parent\" data-id=\"e064081\" data-element_type=\"container\" data-e-type=\"container\">\n\t\t\t\t\t<div class=\"e-con-inner\">\n\t\t\t\t<div class=\"elementor-element elementor-element-0353d30 elementor-widget-divider--view-line elementor-widget elementor-widget-divider\" data-id=\"0353d30\" data-element_type=\"widget\" data-e-type=\"widget\" data-widget_type=\"divider.default\">\n\t\t\t\t<div class=\"elementor-widget-container\">\n\t\t\t\t\t\t\t<div class=\"elementor-divider\">\n\t\t\t<span class=\"elementor-divider-separator\">\n\t\t\t\t\t\t<\/span>\n\t\t<\/div>\n\t\t\t\t\t\t<\/div>\n\t\t\t\t<\/div>\n\t\t\t\t<div class=\"elementor-element elementor-element-0d1aa06 elementor-widget elementor-widget-heading\" data-id=\"0d1aa06\" data-element_type=\"widget\" data-e-type=\"widget\" data-widget_type=\"heading.default\">\n\t\t\t\t<div class=\"elementor-widget-container\">\n\t\t\t\t\t<h2 class=\"elementor-heading-title elementor-size-default\">Unsere GOLD Partner<\/h2>\t\t\t\t<\/div>\n\t\t\t\t<\/div>\n\t\t\t\t<div class=\"elementor-element elementor-element-b97e39c elementor-widget elementor-widget-spacer\" data-id=\"b97e39c\" data-element_type=\"widget\" data-e-type=\"widget\" data-widget_type=\"spacer.default\">\n\t\t\t\t<div class=\"elementor-widget-container\">\n\t\t\t\t\t\t\t<div class=\"elementor-spacer\">\n\t\t\t<div class=\"elementor-spacer-inner\"><\/div>\n\t\t<\/div>\n\t\t\t\t\t\t<\/div>\n\t\t\t\t<\/div>\n\t\t\t\t\t<\/div>\n\t\t\t\t<\/div>\n\t\t<div class=\"elementor-element elementor-element-bd366dd e-grid e-con-boxed e-con e-parent\" data-id=\"bd366dd\" data-element_type=\"container\" data-e-type=\"container\">\n\t\t\t\t\t<div class=\"e-con-inner\">\n\t\t\t\t<div class=\"elementor-element elementor-element-7fce014 elementor-widget elementor-widget-image\" data-id=\"7fce014\" data-element_type=\"widget\" data-e-type=\"widget\" data-widget_type=\"image.default\">\n\t\t\t\t<div class=\"elementor-widget-container\">\n\t\t\t\t\t\t\t\t\t\t\t\t\t\t\t<img decoding=\"async\" width=\"1024\" height=\"326\" src=\"https:\/\/jugendlager.at\/wp-content\/uploads\/2026\/03\/AMAG_Austria_Metall_Logo_RGB-1024x326.png\" class=\"attachment-large size-large wp-image-309\" alt=\"\" srcset=\"https:\/\/jugendlager.at\/wp-content\/uploads\/2026\/03\/AMAG_Austria_Metall_Logo_RGB-1024x326.png 1024w, https:\/\/jugendlager.at\/wp-content\/uploads\/2026\/03\/AMAG_Austria_Metall_Logo_RGB-300x95.png 300w, https:\/\/jugendlager.at\/wp-content\/uploads\/2026\/03\/AMAG_Austria_Metall_Logo_RGB-768x244.png 768w, https:\/\/jugendlager.at\/wp-content\/uploads\/2026\/03\/AMAG_Austria_Metall_Logo_RGB-1536x489.png 1536w, https:\/\/jugendlager.at\/wp-content\/uploads\/2026\/03\/AMAG_Austria_Metall_Logo_RGB.png 1772w\" sizes=\"(max-width: 1024px) 100vw, 1024px\" \/>\t\t\t\t\t\t\t\t\t\t\t\t\t\t\t<\/div>\n\t\t\t\t<\/div>\n\t\t\t\t<div class=\"elementor-element elementor-element-0113ce1 elementor-widget elementor-widget-image\" data-id=\"0113ce1\" data-element_type=\"widget\" data-e-type=\"widget\" data-widget_type=\"image.default\">\n\t\t\t\t<div class=\"elementor-widget-container\">\n\t\t\t\t\t\t\t\t\t\t\t\t\t\t\t<img decoding=\"async\" src=\"https:\/\/jugendlager.at\/wp-content\/uploads\/elementor\/thumbs\/EWS-1-rkn891crddvk2713uegvqutrqqsy3qh14z84wtqpds.jpg\" title=\"EWS 1\" alt=\"EWS 1\" loading=\"lazy\" \/>\t\t\t\t\t\t\t\t\t\t\t\t\t\t\t<\/div>\n\t\t\t\t<\/div>\n\t\t\t\t<div class=\"elementor-element elementor-element-356652d elementor-widget elementor-widget-image\" data-id=\"356652d\" data-element_type=\"widget\" data-e-type=\"widget\" data-widget_type=\"image.default\">\n\t\t\t\t<div class=\"elementor-widget-container\">\n\t\t\t\t\t\t\t\t\t\t\t\t\t\t\t<img decoding=\"async\" width=\"1024\" height=\"260\" src=\"https:\/\/jugendlager.at\/wp-content\/uploads\/2026\/03\/Oekostrom-5-1024x260.jpg\" class=\"attachment-large size-large wp-image-321\" alt=\"\" srcset=\"https:\/\/jugendlager.at\/wp-content\/uploads\/2026\/03\/Oekostrom-5-1024x260.jpg 1024w, https:\/\/jugendlager.at\/wp-content\/uploads\/2026\/03\/Oekostrom-5-300x76.jpg 300w, https:\/\/jugendlager.at\/wp-content\/uploads\/2026\/03\/Oekostrom-5-768x195.jpg 768w, https:\/\/jugendlager.at\/wp-content\/uploads\/2026\/03\/Oekostrom-5-1536x390.jpg 1536w, https:\/\/jugendlager.at\/wp-content\/uploads\/2026\/03\/Oekostrom-5-2048x521.jpg 2048w\" sizes=\"(max-width: 1024px) 100vw, 1024px\" \/>\t\t\t\t\t\t\t\t\t\t\t\t\t\t\t<\/div>\n\t\t\t\t<\/div>\n\t\t\t\t<div class=\"elementor-element elementor-element-e67093e elementor-widget elementor-widget-image\" data-id=\"e67093e\" data-element_type=\"widget\" data-e-type=\"widget\" data-widget_type=\"image.default\">\n\t\t\t\t<div class=\"elementor-widget-container\">\n\t\t\t\t\t\t\t\t\t\t\t\t\t\t\t<img decoding=\"async\" src=\"https:\/\/jugendlager.at\/wp-content\/uploads\/elementor\/thumbs\/Burgstaller-rkn890ex6jujyvqm5xehfwzbca5oizcw3lbkg11kow.png\" title=\"Burgstaller\" alt=\"Burgstaller\" loading=\"lazy\" \/>\t\t\t\t\t\t\t\t\t\t\t\t\t\t\t<\/div>\n\t\t\t\t<\/div>\n\t\t\t\t\t<\/div>\n\t\t\t\t<\/div>\n\t\t<div class=\"elementor-element elementor-element-f835651 e-flex e-con-boxed e-con e-parent\" data-id=\"f835651\" data-element_type=\"container\" data-e-type=\"container\">\n\t\t\t\t\t<div class=\"e-con-inner\">\n\t\t\t\t<div class=\"elementor-element elementor-element-630c06e elementor-widget-divider--view-line elementor-widget elementor-widget-divider\" data-id=\"630c06e\" data-element_type=\"widget\" data-e-type=\"widget\" data-widget_type=\"divider.default\">\n\t\t\t\t<div class=\"elementor-widget-container\">\n\t\t\t\t\t\t\t<div class=\"elementor-divider\">\n\t\t\t<span class=\"elementor-divider-separator\">\n\t\t\t\t\t\t<\/span>\n\t\t<\/div>\n\t\t\t\t\t\t<\/div>\n\t\t\t\t<\/div>\n\t\t\t\t<div class=\"elementor-element elementor-element-7ab90d6 elementor-widget elementor-widget-heading\" data-id=\"7ab90d6\" data-element_type=\"widget\" data-e-type=\"widget\" data-widget_type=\"heading.default\">\n\t\t\t\t<div class=\"elementor-widget-container\">\n\t\t\t\t\t<h2 class=\"elementor-heading-title elementor-size-default\">Unsere SILBER Partner<\/h2>\t\t\t\t<\/div>\n\t\t\t\t<\/div>\n\t\t\t\t\t<\/div>\n\t\t\t\t<\/div>\n\t\t<div class=\"elementor-element elementor-element-b52396a e-grid e-con-boxed e-con e-parent\" data-id=\"b52396a\" data-element_type=\"container\" data-e-type=\"container\">\n\t\t\t\t\t<div class=\"e-con-inner\">\n\t\t\t\t<div class=\"elementor-element elementor-element-0771a32 elementor-widget elementor-widget-image\" data-id=\"0771a32\" data-element_type=\"widget\" data-e-type=\"widget\" data-widget_type=\"image.default\">\n\t\t\t\t<div class=\"elementor-widget-container\">\n\t\t\t\t\t\t\t\t\t\t\t\t\t\t\t<img loading=\"lazy\" decoding=\"async\" width=\"1024\" height=\"275\" src=\"https:\/\/jugendlager.at\/wp-content\/uploads\/2026\/03\/Holz-Reisecker-1024x275.jpg\" class=\"attachment-large size-large wp-image-316\" alt=\"\" srcset=\"https:\/\/jugendlager.at\/wp-content\/uploads\/2026\/03\/Holz-Reisecker-1024x275.jpg 1024w, https:\/\/jugendlager.at\/wp-content\/uploads\/2026\/03\/Holz-Reisecker-300x81.jpg 300w, https:\/\/jugendlager.at\/wp-content\/uploads\/2026\/03\/Holz-Reisecker-768x206.jpg 768w, https:\/\/jugendlager.at\/wp-content\/uploads\/2026\/03\/Holz-Reisecker-1536x412.jpg 1536w, https:\/\/jugendlager.at\/wp-content\/uploads\/2026\/03\/Holz-Reisecker-2048x550.jpg 2048w\" sizes=\"(max-width: 1024px) 100vw, 1024px\" \/>\t\t\t\t\t\t\t\t\t\t\t\t\t\t\t<\/div>\n\t\t\t\t<\/div>\n\t\t\t\t<div class=\"elementor-element elementor-element-c787ff6 elementor-widget elementor-widget-image\" data-id=\"c787ff6\" data-element_type=\"widget\" data-e-type=\"widget\" data-widget_type=\"image.default\">\n\t\t\t\t<div class=\"elementor-widget-container\">\n\t\t\t\t\t\t\t\t\t\t\t\t\t\t\t<img loading=\"lazy\" decoding=\"async\" width=\"1024\" height=\"576\" src=\"https:\/\/jugendlager.at\/wp-content\/uploads\/2026\/03\/Brandschutz-Stirner-1024x576.jpg\" class=\"attachment-large size-large wp-image-310\" alt=\"\" srcset=\"https:\/\/jugendlager.at\/wp-content\/uploads\/2026\/03\/Brandschutz-Stirner-1024x576.jpg 1024w, https:\/\/jugendlager.at\/wp-content\/uploads\/2026\/03\/Brandschutz-Stirner-300x169.jpg 300w, https:\/\/jugendlager.at\/wp-content\/uploads\/2026\/03\/Brandschutz-Stirner-768x432.jpg 768w, https:\/\/jugendlager.at\/wp-content\/uploads\/2026\/03\/Brandschutz-Stirner-1536x864.jpg 1536w, https:\/\/jugendlager.at\/wp-content\/uploads\/2026\/03\/Brandschutz-Stirner-2048x1152.jpg 2048w, https:\/\/jugendlager.at\/wp-content\/uploads\/2026\/03\/Brandschutz-Stirner-800x450.jpg 800w\" sizes=\"(max-width: 1024px) 100vw, 1024px\" \/>\t\t\t\t\t\t\t\t\t\t\t\t\t\t\t<\/div>\n\t\t\t\t<\/div>\n\t\t\t\t\t<\/div>\n\t\t\t\t<\/div>\n\t\t\t\t<\/div>\n\t\t","protected":false},"excerpt":{"rendered":"<p>Willkommen beim Jugendlager 2026 in Burgkirchen! Von 15. bis 21. Juli 2026 wird die Gemeinde Burgkirchen zum Treffpunkt f\u00fcr rund 3000 Jugendliche aus den Bezirken Braunau, V\u00f6cklabruck, Sch\u00e4rding und Grieskirchen.Eine Woche voller Gemeinschaft, Action, Spa\u00df und unvergesslicher Erlebnisse erwartet euch \u2013 mit spannenden Programmpunkten, neuen Freundschaften und jeder Menge Lagerfeeling mitten in Burgkirchen. Das Jugendlager [&hellip;]<\/p>\n","protected":false},"author":1,"featured_media":0,"parent":0,"menu_order":0,"comment_status":"closed","ping_status":"closed","template":"","meta":{"ocean_post_layout":"full-screen","ocean_both_sidebars_style":"","ocean_both_sidebars_content_width":0,"ocean_both_sidebars_sidebars_width":0,"ocean_sidebar":"","ocean_second_sidebar":"","ocean_disable_margins":"enable","ocean_add_body_class":"","ocean_shortcode_before_top_bar":"","ocean_shortcode_after_top_bar":"","ocean_shortcode_before_header":"","ocean_shortcode_after_header":"","ocean_has_shortcode":"","ocean_shortcode_after_title":"","ocean_shortcode_before_footer_widgets":"","ocean_shortcode_after_footer_widgets":"","ocean_shortcode_before_footer_bottom":"","ocean_shortcode_after_footer_bottom":"","ocean_display_top_bar":"default","ocean_display_header":"default","ocean_header_style":"","ocean_center_header_left_menu":"","ocean_custom_header_template":"","ocean_custom_logo":0,"ocean_custom_retina_logo":0,"ocean_custom_logo_max_width":0,"ocean_custom_logo_tablet_max_width":0,"ocean_custom_logo_mobile_max_width":0,"ocean_custom_logo_max_height":0,"ocean_custom_logo_tablet_max_height":0,"ocean_custom_logo_mobile_max_height":0,"ocean_header_custom_menu":"","ocean_menu_typo_font_family":"","ocean_menu_typo_font_subset":"","ocean_menu_typo_font_size":0,"ocean_menu_typo_font_size_tablet":0,"ocean_menu_typo_font_size_mobile":0,"ocean_menu_typo_font_size_unit":"px","ocean_menu_typo_font_weight":"","ocean_menu_typo_font_weight_tablet":"","ocean_menu_typo_font_weight_mobile":"","ocean_menu_typo_transform":"","ocean_menu_typo_transform_tablet":"","ocean_menu_typo_transform_mobile":"","ocean_menu_typo_line_height":0,"ocean_menu_typo_line_height_tablet":0,"ocean_menu_typo_line_height_mobile":0,"ocean_menu_typo_line_height_unit":"","ocean_menu_typo_spacing":0,"ocean_menu_typo_spacing_tablet":0,"ocean_menu_typo_spacing_mobile":0,"ocean_menu_typo_spacing_unit":"","ocean_menu_link_color":"","ocean_menu_link_color_hover":"","ocean_menu_link_color_active":"","ocean_menu_link_background":"","ocean_menu_link_hover_background":"","ocean_menu_link_active_background":"","ocean_menu_social_links_bg":"","ocean_menu_social_hover_links_bg":"","ocean_menu_social_links_color":"","ocean_menu_social_hover_links_color":"","ocean_disable_title":"on","ocean_disable_heading":"default","ocean_post_title":"","ocean_post_subheading":"","ocean_post_title_style":"","ocean_post_title_background_color":"","ocean_post_title_background":0,"ocean_post_title_bg_image_position":"","ocean_post_title_bg_image_attachment":"","ocean_post_title_bg_image_repeat":"","ocean_post_title_bg_image_size":"","ocean_post_title_height":0,"ocean_post_title_bg_overlay":0.5,"ocean_post_title_bg_overlay_color":"","ocean_disable_breadcrumbs":"default","ocean_breadcrumbs_color":"","ocean_breadcrumbs_separator_color":"","ocean_breadcrumbs_links_color":"","ocean_breadcrumbs_links_hover_color":"","ocean_display_footer_widgets":"default","ocean_display_footer_bottom":"default","ocean_custom_footer_template":"","footnotes":""},"class_list":["post-10","page","type-page","status-publish","hentry","entry"],"_links":{"self":[{"href":"https:\/\/jugendlager.at\/index.php\/wp-json\/wp\/v2\/pages\/10","targetHints":{"allow":["GET"]}}],"collection":[{"href":"https:\/\/jugendlager.at\/index.php\/wp-json\/wp\/v2\/pages"}],"about":[{"href":"https:\/\/jugendlager.at\/index.php\/wp-json\/wp\/v2\/types\/page"}],"author":[{"embeddable":true,"href":"https:\/\/jugendlager.at\/index.php\/wp-json\/wp\/v2\/users\/1"}],"replies":[{"embeddable":true,"href":"https:\/\/jugendlager.at\/index.php\/wp-json\/wp\/v2\/comments?post=10"}],"version-history":[{"count":49,"href":"https:\/\/jugendlager.at\/index.php\/wp-json\/wp\/v2\/pages\/10\/revisions"}],"predecessor-version":[{"id":333,"href":"https:\/\/jugendlager.at\/index.php\/wp-json\/wp\/v2\/pages\/10\/revisions\/333"}],"wp:attachment":[{"href":"https:\/\/jugendlager.at\/index.php\/wp-json\/wp\/v2\/media?parent=10"}],"curies":[{"name":"wp","href":"https:\/\/api.w.org\/{rel}","templated":true}]}}