{"id":117,"date":"2025-12-19T08:22:02","date_gmt":"2025-12-19T07:22:02","guid":{"rendered":"https:\/\/jugendlager.at\/?page_id=117"},"modified":"2026-03-26T21:05:42","modified_gmt":"2026-03-26T20:05:42","slug":"unterstuetzung","status":"publish","type":"page","link":"https:\/\/jugendlager.at\/index.php\/unterstuetzung\/","title":{"rendered":"Unterst\u00fctzung FF Burgkirchen"},"content":{"rendered":"\n<h1 class=\"wp-block-heading\">Helfer Anmeldeformular<\/h1>\n\n\n\n<p>F\u00fcr die Durchf\u00fchrung des Lagers werden helfende H\u00e4nde in s\u00e4mtlichen Bereichen ben\u00f6tigt.<\/p>\n\n\n\n<p>\u00dcber dieses Formular k\u00f6nnt ihr euch als Helferin oder Helfer anmelden und eure bevorzugten Einsatzbereiche bekannt geben. Die Anmeldung ist bis <strong>07.06.2026<\/strong> m\u00f6glich.<\/p>\n\n\n\n<p><strong>Ansprechperson:<\/strong><br>Andreas Wimmer |  <strong>+43 664 73000316<\/strong><\/p>\n\n\n\n<p>F\u00fcr den Zeltbetrieb findet am <strong>14.07.2026 um 19:00 Uhr<\/strong> eine Helferbesprechung im <strong>Festzelt bei der Mehrzweckhalle<\/strong> statt.<\/p>\n\n\n\n<p>Aufgrund der hohen Anzahl an ben\u00f6tigten Helfern bitten wir um Verst\u00e4ndnis, dass nicht jeder im gew\u00fcnschten Bereich eingesetzt werden kann. Wir werden uns jedoch bem\u00fchen, eure W\u00fcnsche bestm\u00f6glich zu ber\u00fccksichtigen.<\/p>\n\n\n\n<p>Vielen Dank f\u00fcr eure Unterst\u00fctzung und euren Einsatz f\u00fcr die Feuerwehrjugend.<\/p>\n\n\n<style id=\"wpforms-css-vars-120-block-0f429e62-99d9-4cd6-b03c-a30d9ea0585a\">\n\t\t\t\t#wpforms-120.wpforms-block-0f429e62-99d9-4cd6-b03c-a30d9ea0585a {\n\t\t\t\t--wpforms-label-color: rgba(0, 0, 0, 0.85);\n--wpforms-label-sublabel-color: rgba(0, 0, 0, 0.55);\n--wpforms-field-border-color: rgba(0, 0, 0, 0.25);\n--wpforms-field-border-color-spare: rgba(0, 0, 0, 0.25);\n--wpforms-field-text-color: rgba(0, 0, 0, 0.7);\n--wpforms-button-background-color: #B01D25;\n--wpforms-field-size-input-height: 43px;\n--wpforms-field-size-input-spacing: 15px;\n--wpforms-field-size-font-size: 16px;\n--wpforms-field-size-line-height: 19px;\n--wpforms-field-size-padding-h: 14px;\n--wpforms-field-size-checkbox-size: 16px;\n--wpforms-field-size-sublabel-spacing: 5px;\n--wpforms-field-size-icon-size: 1;\n--wpforms-label-size-font-size: 16px;\n--wpforms-label-size-line-height: 19px;\n--wpforms-label-size-sublabel-font-size: 14px;\n--wpforms-label-size-sublabel-line-height: 17px;\n--wpforms-button-size-font-size: 17px;\n--wpforms-button-size-height: 41px;\n--wpforms-button-size-padding-h: 15px;\n--wpforms-button-size-margin-top: 10px;\n\t\t\t}\n\t\t\t<\/style><div class=\"wpforms-container wpforms-container-full wpforms-block wpforms-block-0f429e62-99d9-4cd6-b03c-a30d9ea0585a wpforms-render-modern\" id=\"wpforms-120\"><form id=\"wpforms-form-120\" class=\"wpforms-validate wpforms-form wpforms-ajax-form\" data-formid=\"120\" method=\"post\" enctype=\"multipart\/form-data\" action=\"\/index.php\/wp-json\/wp\/v2\/pages\/117\" data-token=\"bbfd7bbeeb71c67e3b3c9c2f1f16b806\" data-token-time=\"1776298317\"><noscript class=\"wpforms-error-noscript\">Bitte aktiviere JavaScript in deinem Browser, um dieses Formular fertigzustellen.<\/noscript><div id=\"wpforms-error-noscript\" style=\"display: none;\">Bitte aktiviere JavaScript in deinem Browser, um dieses Formular fertigzustellen.<\/div><div class=\"wpforms-field-container\"><div id=\"wpforms-120-field_1-container\" class=\"wpforms-field wpforms-field-name\" data-field-id=\"1\"><fieldset><legend class=\"wpforms-field-label\">Pers\u00f6nliche Daten <span class=\"wpforms-required-label\" aria-hidden=\"true\">*<\/span><\/legend><div class=\"wpforms-field-row wpforms-field-large\"><div class=\"wpforms-field-row-block wpforms-first wpforms-one-half\"><input type=\"text\" id=\"wpforms-120-field_1\" class=\"wpforms-field-name-first wpforms-field-required\" name=\"wpforms[fields][1][first]\" placeholder=\"Vorname\" aria-errormessage=\"wpforms-120-field_1-error\" required><label for=\"wpforms-120-field_1\" class=\"wpforms-field-sublabel after wpforms-sublabel-hide\">Vorname<\/label><\/div><div class=\"wpforms-field-row-block wpforms-one-half\"><input type=\"text\" id=\"wpforms-120-field_1-last\" class=\"wpforms-field-name-last wpforms-field-required\" name=\"wpforms[fields][1][last]\" placeholder=\"Nachname\" aria-errormessage=\"wpforms-120-field_1-last-error\" required><label for=\"wpforms-120-field_1-last\" class=\"wpforms-field-sublabel after wpforms-sublabel-hide\">Nachname<\/label><\/div><\/div><\/fieldset><\/div><div id=\"wpforms-120-field_3-container\" class=\"wpforms-field wpforms-field-text wpforms-two-thirds wpforms-first\" data-field-id=\"3\"><label class=\"wpforms-field-label wpforms-label-hide\" for=\"wpforms-120-field_3\" aria-hidden=\"false\">Telefonnummer <span class=\"wpforms-required-label\" aria-hidden=\"true\">*<\/span><\/label><input type=\"text\" id=\"wpforms-120-field_3\" class=\"wpforms-field-large wpforms-field-required\" name=\"wpforms[fields][3]\" placeholder=\"(Mobil-)Telefonnummer\" aria-errormessage=\"wpforms-120-field_3-error\" required><\/div><div id=\"wpforms-120-field_4-container\" class=\"wpforms-field wpforms-field-checkbox wpforms-one-third\" data-field-id=\"4\"><fieldset><legend class=\"wpforms-field-label wpforms-label-hide\" aria-hidden=\"false\">WhatsApp<\/legend><ul id=\"wpforms-120-field_4\"><li class=\"choice-1 depth-1\"><input type=\"checkbox\" id=\"wpforms-120-field_4_1\" name=\"wpforms[fields][4][]\" value=\"WhatsApp\" aria-errormessage=\"wpforms-120-field_4_1-error\"  ><label class=\"wpforms-field-label-inline\" for=\"wpforms-120-field_4_1\">WhatsApp<\/label><\/li><\/ul><\/fieldset><\/div><div id=\"wpforms-120-field_5-container\" class=\"wpforms-field wpforms-field-email\" data-field-id=\"5\"><label class=\"wpforms-field-label wpforms-label-hide\" for=\"wpforms-120-field_5\" aria-hidden=\"false\">E-Mail-Adresse <span class=\"wpforms-required-label\" aria-hidden=\"true\">*<\/span><\/label><input type=\"email\" id=\"wpforms-120-field_5\" class=\"wpforms-field-large wpforms-field-required\" name=\"wpforms[fields][5]\" placeholder=\"E-Mail-Adresse\" spellcheck=\"false\" aria-errormessage=\"wpforms-120-field_5-error\" required><\/div><div id=\"wpforms-120-field_9-container\" class=\"wpforms-field wpforms-field-text\" data-field-id=\"9\"><label class=\"wpforms-field-label\" for=\"wpforms-120-field_9\">Kenntnisse \/ Erfahrungen<\/label><input type=\"text\" id=\"wpforms-120-field_9\" class=\"wpforms-field-large\" name=\"wpforms[fields][9]\" aria-errormessage=\"wpforms-120-field_9-error\" aria-describedby=\"wpforms-120-field_9-description\" ><div id=\"wpforms-120-field_9-description\" class=\"wpforms-field-description\">Bitte kurz angeben, welche Kenntnisse oder Erfahrungen vorhanden sind<\/div><\/div><div id=\"wpforms-120-field_10-container\" class=\"wpforms-field wpforms-field-checkbox wpforms-one-third wpforms-first\" data-field-id=\"10\"><fieldset><legend class=\"wpforms-field-label\">Aufbau<\/legend><ul id=\"wpforms-120-field_10\"><li class=\"choice-1 depth-1\"><input type=\"checkbox\" id=\"wpforms-120-field_10_1\" name=\"wpforms[fields][10][]\" value=\"Freitag 10.07.\" aria-errormessage=\"wpforms-120-field_10_1-error\" aria-describedby=\"wpforms-120-field_10-description\"  ><label class=\"wpforms-field-label-inline\" for=\"wpforms-120-field_10_1\">Freitag 10.07.<\/label><\/li><li class=\"choice-2 depth-1\"><input type=\"checkbox\" id=\"wpforms-120-field_10_2\" name=\"wpforms[fields][10][]\" value=\"Samstag 11.07.\" aria-errormessage=\"wpforms-120-field_10_2-error\" aria-describedby=\"wpforms-120-field_10-description\"  ><label class=\"wpforms-field-label-inline\" for=\"wpforms-120-field_10_2\">Samstag 11.07.<\/label><\/li><li class=\"choice-3 depth-1\"><input type=\"checkbox\" id=\"wpforms-120-field_10_3\" name=\"wpforms[fields][10][]\" value=\"Sonntag 12.07.\" aria-errormessage=\"wpforms-120-field_10_3-error\" aria-describedby=\"wpforms-120-field_10-description\"  ><label class=\"wpforms-field-label-inline\" for=\"wpforms-120-field_10_3\">Sonntag 12.07.<\/label><\/li><li class=\"choice-4 depth-1\"><input type=\"checkbox\" id=\"wpforms-120-field_10_4\" name=\"wpforms[fields][10][]\" value=\"Montag 13.07.\" aria-errormessage=\"wpforms-120-field_10_4-error\" aria-describedby=\"wpforms-120-field_10-description\"  ><label class=\"wpforms-field-label-inline\" for=\"wpforms-120-field_10_4\">Montag 13.07.<\/label><\/li><li class=\"choice-5 depth-1\"><input type=\"checkbox\" id=\"wpforms-120-field_10_5\" name=\"wpforms[fields][10][]\" value=\"Dienstag 14.07.\" aria-errormessage=\"wpforms-120-field_10_5-error\" aria-describedby=\"wpforms-120-field_10-description\"  ><label class=\"wpforms-field-label-inline\" for=\"wpforms-120-field_10_5\">Dienstag 14.07.<\/label><\/li><\/ul><div id=\"wpforms-120-field_10-description\" class=\"wpforms-field-description\">T\u00e4glich von 08:00 &#8211; 17:00 Uhr<\/div><\/fieldset><\/div><div id=\"wpforms-120-field_11-container\" class=\"wpforms-field wpforms-field-checkbox wpforms-one-third\" data-field-id=\"11\"><fieldset><legend class=\"wpforms-field-label\">Jugendlager<\/legend><ul id=\"wpforms-120-field_11\"><li class=\"choice-1 depth-1\"><input type=\"checkbox\" id=\"wpforms-120-field_11_1\" name=\"wpforms[fields][11][]\" value=\"Mittwoch 15.07.\" aria-errormessage=\"wpforms-120-field_11_1-error\" aria-describedby=\"wpforms-120-field_11-description\"  ><label class=\"wpforms-field-label-inline\" for=\"wpforms-120-field_11_1\">Mittwoch 15.07.<\/label><\/li><li class=\"choice-2 depth-1\"><input type=\"checkbox\" id=\"wpforms-120-field_11_2\" name=\"wpforms[fields][11][]\" value=\"Donnerstag 16.07.\" aria-errormessage=\"wpforms-120-field_11_2-error\" aria-describedby=\"wpforms-120-field_11-description\"  ><label class=\"wpforms-field-label-inline\" for=\"wpforms-120-field_11_2\">Donnerstag 16.07.<\/label><\/li><li class=\"choice-3 depth-1\"><input type=\"checkbox\" id=\"wpforms-120-field_11_3\" name=\"wpforms[fields][11][]\" value=\"Freitag 17.07.\" aria-errormessage=\"wpforms-120-field_11_3-error\" aria-describedby=\"wpforms-120-field_11-description\"  ><label class=\"wpforms-field-label-inline\" for=\"wpforms-120-field_11_3\">Freitag 17.07.<\/label><\/li><li class=\"choice-4 depth-1\"><input type=\"checkbox\" id=\"wpforms-120-field_11_4\" name=\"wpforms[fields][11][]\" value=\"Samstag 18.07.\" aria-errormessage=\"wpforms-120-field_11_4-error\" aria-describedby=\"wpforms-120-field_11-description\"  ><label class=\"wpforms-field-label-inline\" for=\"wpforms-120-field_11_4\">Samstag 18.07.<\/label><\/li><li class=\"choice-5 depth-1\"><input type=\"checkbox\" id=\"wpforms-120-field_11_5\" name=\"wpforms[fields][11][]\" value=\"Sonntag 19.07.\" aria-errormessage=\"wpforms-120-field_11_5-error\" aria-describedby=\"wpforms-120-field_11-description\"  ><label class=\"wpforms-field-label-inline\" for=\"wpforms-120-field_11_5\">Sonntag 19.07.<\/label><\/li><li class=\"choice-6 depth-1\"><input type=\"checkbox\" id=\"wpforms-120-field_11_6\" name=\"wpforms[fields][11][]\" value=\"Montag 20.07.\" aria-errormessage=\"wpforms-120-field_11_6-error\" aria-describedby=\"wpforms-120-field_11-description\"  ><label class=\"wpforms-field-label-inline\" for=\"wpforms-120-field_11_6\">Montag 20.07.<\/label><\/li><\/ul><div id=\"wpforms-120-field_11-description\" class=\"wpforms-field-description\">T\u00e4glich von 18:00 &#8211; 23:00 Uhr<\/div><\/fieldset><\/div><div id=\"wpforms-120-field_12-container\" class=\"wpforms-field wpforms-field-checkbox wpforms-one-third\" data-field-id=\"12\"><fieldset><legend class=\"wpforms-field-label\">Abbau<\/legend><ul id=\"wpforms-120-field_12\"><li class=\"choice-1 depth-1\"><input type=\"checkbox\" id=\"wpforms-120-field_12_1\" name=\"wpforms[fields][12][]\" value=\"Dienstag 21.07.\" aria-errormessage=\"wpforms-120-field_12_1-error\" aria-describedby=\"wpforms-120-field_12-description\"  ><label class=\"wpforms-field-label-inline\" for=\"wpforms-120-field_12_1\">Dienstag 21.07.<\/label><\/li><li class=\"choice-2 depth-1\"><input type=\"checkbox\" id=\"wpforms-120-field_12_2\" name=\"wpforms[fields][12][]\" value=\"Mittwoch 22.07.\" aria-errormessage=\"wpforms-120-field_12_2-error\" aria-describedby=\"wpforms-120-field_12-description\"  ><label class=\"wpforms-field-label-inline\" for=\"wpforms-120-field_12_2\">Mittwoch 22.07.<\/label><\/li><li class=\"choice-3 depth-1\"><input type=\"checkbox\" id=\"wpforms-120-field_12_3\" name=\"wpforms[fields][12][]\" value=\"Donnerstag 23.07.\" aria-errormessage=\"wpforms-120-field_12_3-error\" aria-describedby=\"wpforms-120-field_12-description\"  ><label class=\"wpforms-field-label-inline\" for=\"wpforms-120-field_12_3\">Donnerstag 23.07.<\/label><\/li><\/ul><div id=\"wpforms-120-field_12-description\" class=\"wpforms-field-description\">T\u00e4glich von 08:00 &#8211; 17:00 Uhr<\/div><\/fieldset><\/div><div id=\"wpforms-120-field_14-container\" class=\"wpforms-field wpforms-field-checkbox wpforms-list-3-columns\" data-field-id=\"14\"><fieldset><legend class=\"wpforms-field-label\">Einsatzbereich <span class=\"wpforms-required-label\" aria-hidden=\"true\">*<\/span><\/legend><ul id=\"wpforms-120-field_14\" class=\"wpforms-field-required\"><li class=\"choice-1 depth-1\"><input type=\"checkbox\" id=\"wpforms-120-field_14_1\" name=\"wpforms[fields][14][]\" value=\"Ausschank\" aria-errormessage=\"wpforms-120-field_14_1-error\" required ><label class=\"wpforms-field-label-inline\" for=\"wpforms-120-field_14_1\">Ausschank<\/label><\/li><li class=\"choice-2 depth-1\"><input type=\"checkbox\" id=\"wpforms-120-field_14_2\" name=\"wpforms[fields][14][]\" value=\"Kellner (Orderman)\" aria-errormessage=\"wpforms-120-field_14_2-error\" required ><label class=\"wpforms-field-label-inline\" for=\"wpforms-120-field_14_2\">Kellner (Orderman)<\/label><\/li><li class=\"choice-3 depth-1\"><input type=\"checkbox\" id=\"wpforms-120-field_14_3\" name=\"wpforms[fields][14][]\" value=\"Austr\u00e4ger\" aria-errormessage=\"wpforms-120-field_14_3-error\" required ><label class=\"wpforms-field-label-inline\" for=\"wpforms-120-field_14_3\">Austr\u00e4ger<\/label><\/li><li class=\"choice-4 depth-1\"><input type=\"checkbox\" id=\"wpforms-120-field_14_4\" name=\"wpforms[fields][14][]\" value=\"K\u00fcche\" aria-errormessage=\"wpforms-120-field_14_4-error\" required ><label class=\"wpforms-field-label-inline\" for=\"wpforms-120-field_14_4\">K\u00fcche<\/label><\/li><li class=\"choice-5 depth-1\"><input type=\"checkbox\" id=\"wpforms-120-field_14_5\" name=\"wpforms[fields][14][]\" value=\"Kaffee &amp; Kuchen\" aria-errormessage=\"wpforms-120-field_14_5-error\" required ><label class=\"wpforms-field-label-inline\" for=\"wpforms-120-field_14_5\">Kaffee &amp; Kuchen<\/label><\/li><li class=\"choice-6 depth-1\"><input type=\"checkbox\" id=\"wpforms-120-field_14_6\" name=\"wpforms[fields][14][]\" value=\"Kiosk\" aria-errormessage=\"wpforms-120-field_14_6-error\" required ><label class=\"wpforms-field-label-inline\" for=\"wpforms-120-field_14_6\">Kiosk<\/label><\/li><li class=\"choice-7 depth-1\"><input type=\"checkbox\" id=\"wpforms-120-field_14_7\" name=\"wpforms[fields][14][]\" value=\"Abwasch\" aria-errormessage=\"wpforms-120-field_14_7-error\" required ><label class=\"wpforms-field-label-inline\" for=\"wpforms-120-field_14_7\">Abwasch<\/label><\/li><li class=\"choice-8 depth-1\"><input type=\"checkbox\" id=\"wpforms-120-field_14_8\" name=\"wpforms[fields][14][]\" value=\"Abfallwirtschaft\" aria-errormessage=\"wpforms-120-field_14_8-error\" required ><label class=\"wpforms-field-label-inline\" for=\"wpforms-120-field_14_8\">Abfallwirtschaft<\/label><\/li><\/ul><\/fieldset><\/div><div id=\"wpforms-120-field_13-container\" class=\"wpforms-field wpforms-field-text\" data-field-id=\"13\"><label class=\"wpforms-field-label\" for=\"wpforms-120-field_13\">In folgendem Bereich m\u00f6chte ich nicht arbeiten<\/label><input type=\"text\" id=\"wpforms-120-field_13\" class=\"wpforms-field-large\" name=\"wpforms[fields][13]\" aria-errormessage=\"wpforms-120-field_13-error\" ><\/div><div id=\"wpforms-120-field_15-container\" class=\"wpforms-field wpforms-field-checkbox wpforms-two-thirds wpforms-first wpforms-list-inline\" data-field-id=\"15\"><fieldset><legend class=\"wpforms-field-label\">T-Shirt Gr\u00f6\u00dfe <span class=\"wpforms-required-label\" aria-hidden=\"true\">*<\/span><\/legend><ul id=\"wpforms-120-field_15\" class=\"wpforms-field-required\"><li class=\"choice-1 depth-1\"><input type=\"checkbox\" id=\"wpforms-120-field_15_1\" name=\"wpforms[fields][15][]\" value=\"XS\" aria-errormessage=\"wpforms-120-field_15_1-error\" required ><label class=\"wpforms-field-label-inline\" for=\"wpforms-120-field_15_1\">XS<\/label><\/li><li class=\"choice-2 depth-1\"><input type=\"checkbox\" id=\"wpforms-120-field_15_2\" name=\"wpforms[fields][15][]\" value=\"S\" aria-errormessage=\"wpforms-120-field_15_2-error\" required ><label class=\"wpforms-field-label-inline\" for=\"wpforms-120-field_15_2\">S<\/label><\/li><li class=\"choice-3 depth-1\"><input type=\"checkbox\" id=\"wpforms-120-field_15_3\" name=\"wpforms[fields][15][]\" value=\"M\" aria-errormessage=\"wpforms-120-field_15_3-error\" required ><label class=\"wpforms-field-label-inline\" for=\"wpforms-120-field_15_3\">M<\/label><\/li><li class=\"choice-4 depth-1\"><input type=\"checkbox\" id=\"wpforms-120-field_15_4\" name=\"wpforms[fields][15][]\" value=\"L\" aria-errormessage=\"wpforms-120-field_15_4-error\" required ><label class=\"wpforms-field-label-inline\" for=\"wpforms-120-field_15_4\">L<\/label><\/li><li class=\"choice-5 depth-1\"><input type=\"checkbox\" id=\"wpforms-120-field_15_5\" name=\"wpforms[fields][15][]\" value=\"XL\" aria-errormessage=\"wpforms-120-field_15_5-error\" required ><label class=\"wpforms-field-label-inline\" for=\"wpforms-120-field_15_5\">XL<\/label><\/li><li class=\"choice-6 depth-1\"><input type=\"checkbox\" id=\"wpforms-120-field_15_6\" name=\"wpforms[fields][15][]\" value=\"XXL\" aria-errormessage=\"wpforms-120-field_15_6-error\" required ><label class=\"wpforms-field-label-inline\" for=\"wpforms-120-field_15_6\">XXL<\/label><\/li><li class=\"choice-7 depth-1\"><input type=\"checkbox\" id=\"wpforms-120-field_15_7\" name=\"wpforms[fields][15][]\" value=\"XXXL\" aria-errormessage=\"wpforms-120-field_15_7-error\" required ><label class=\"wpforms-field-label-inline\" for=\"wpforms-120-field_15_7\">XXXL<\/label><\/li><\/ul><\/fieldset><\/div>\t\t<div id=\"wpforms-120-field_2-container\"\n\t\t\tclass=\"wpforms-field wpforms-field-text\"\n\t\t\tdata-field-type=\"text\"\n\t\t\tdata-field-id=\"2\"\n\t\t\t>\n\t\t\t<label class=\"wpforms-field-label\" for=\"wpforms-120-field_2\" >Erfahrungen E-Mail-Adresse Kenntnisse<\/label>\n\t\t\t<input type=\"text\" id=\"wpforms-120-field_2\" class=\"wpforms-field-medium\" name=\"wpforms[fields][2]\" >\n\t\t<\/div>\n\t\t<div id=\"wpforms-120-field_16-container\" class=\"wpforms-field wpforms-field-checkbox wpforms-one-third wpforms-list-inline\" data-field-id=\"16\"><fieldset><legend class=\"wpforms-field-label\">Schnitt <span class=\"wpforms-required-label\" aria-hidden=\"true\">*<\/span><\/legend><ul id=\"wpforms-120-field_16\" class=\"wpforms-field-required\"><li class=\"choice-1 depth-1\"><input type=\"checkbox\" id=\"wpforms-120-field_16_1\" name=\"wpforms[fields][16][]\" value=\"M\u00e4nnlich\" aria-errormessage=\"wpforms-120-field_16_1-error\" required ><label class=\"wpforms-field-label-inline\" for=\"wpforms-120-field_16_1\">M\u00e4nnlich<\/label><\/li><li class=\"choice-2 depth-1\"><input type=\"checkbox\" id=\"wpforms-120-field_16_2\" name=\"wpforms[fields][16][]\" value=\"Weiblich\" aria-errormessage=\"wpforms-120-field_16_2-error\" required ><label class=\"wpforms-field-label-inline\" for=\"wpforms-120-field_16_2\">Weiblich<\/label><\/li><\/ul><\/fieldset><\/div><div id=\"wpforms-120-field_20-container\" class=\"wpforms-field wpforms-field-textarea\" data-field-id=\"20\"><label class=\"wpforms-field-label\" for=\"wpforms-120-field_20\">Anmerkungen<\/label><textarea id=\"wpforms-120-field_20\" class=\"wpforms-field-medium\" name=\"wpforms[fields][20]\" aria-errormessage=\"wpforms-120-field_20-error\" ><\/textarea><\/div><div id=\"wpforms-120-field_19-container\" class=\"wpforms-field wpforms-field-gdpr-checkbox\" data-field-id=\"19\"><label class=\"wpforms-field-label\">DSGVO-Einverst\u00e4ndnis <span class=\"wpforms-required-label\" aria-hidden=\"true\">*<\/span><\/label><ul id=\"wpforms-120-field_19\" class=\"wpforms-field-required\"><li class=\"choice-1\"><input type=\"checkbox\" id=\"wpforms-120-field_19_1\" name=\"wpforms[fields][19][]\" value=\"Ich willige ein, dass diese Website meine \u00fcbermittelten Informationen speichert.\" aria-errormessage=\"wpforms-120-field_19_1-error\" required ><label class=\"wpforms-field-label-inline\" for=\"wpforms-120-field_19_1\">Ich willige ein, dass diese Website meine \u00fcbermittelten Informationen speichert.<\/label><\/li><\/ul><\/div><script>\n\t\t\t\t( function() {\n\t\t\t\t\tconst style = document.createElement( 'style' );\n\t\t\t\t\tstyle.appendChild( document.createTextNode( '#wpforms-120-field_2-container { position: absolute !important; overflow: hidden !important; display: inline !important; height: 1px !important; width: 1px !important; z-index: -1000 !important; padding: 0 !important; } #wpforms-120-field_2-container input { visibility: hidden; } #wpforms-conversational-form-page #wpforms-120-field_2-container label { counter-increment: none; }' ) );\n\t\t\t\t\tdocument.head.appendChild( style );\n\t\t\t\t\tdocument.currentScript?.remove();\n\t\t\t\t} )();\n\t\t\t<\/script><\/div><!-- .wpforms-field-container --><div class=\"wpforms-submit-container\" ><input type=\"hidden\" name=\"wpforms[id]\" value=\"120\"><input type=\"hidden\" name=\"page_title\" value=\"\"><input type=\"hidden\" name=\"page_url\" value=\"https:\/\/jugendlager.at\/index.php\/wp-json\/wp\/v2\/pages\/117\"><input type=\"hidden\" name=\"url_referer\" value=\"\"><button type=\"submit\" name=\"wpforms[submit]\" id=\"wpforms-submit-120\" class=\"wpforms-submit\" data-alt-text=\"Wird gesendet\u00a0\u2026\" data-submit-text=\"Absenden\" aria-live=\"assertive\" value=\"wpforms-submit\">Absenden<\/button><img decoding=\"async\" src=\"https:\/\/jugendlager.at\/wp-content\/plugins\/wpforms-lite\/assets\/images\/submit-spin.svg\" class=\"wpforms-submit-spinner\" style=\"display: none;\" width=\"26\" height=\"26\" alt=\"Wird geladen\"><\/div><\/form><\/div>  <!-- .wpforms-container -->","protected":false},"excerpt":{"rendered":"<p>Helfer Anmeldeformular F\u00fcr die Durchf\u00fchrung des Lagers werden helfende H\u00e4nde in s\u00e4mtlichen Bereichen ben\u00f6tigt. \u00dcber dieses Formular k\u00f6nnt ihr euch als Helferin oder Helfer anmelden und eure bevorzugten Einsatzbereiche bekannt geben. Die Anmeldung ist bis 07.06.2026 m\u00f6glich. Ansprechperson:Andreas Wimmer | +43 664 73000316 F\u00fcr den Zeltbetrieb findet am 14.07.2026 um 19:00 Uhr eine Helferbesprechung im [&hellip;]<\/p>\n","protected":false},"author":1,"featured_media":0,"parent":0,"menu_order":0,"comment_status":"closed","ping_status":"closed","template":"","meta":{"ocean_post_layout":"full-width","ocean_both_sidebars_style":"","ocean_both_sidebars_content_width":0,"ocean_both_sidebars_sidebars_width":0,"ocean_sidebar":"","ocean_second_sidebar":"","ocean_disable_margins":"enable","ocean_add_body_class":"","ocean_shortcode_before_top_bar":"","ocean_shortcode_after_top_bar":"","ocean_shortcode_before_header":"","ocean_shortcode_after_header":"","ocean_has_shortcode":"","ocean_shortcode_after_title":"","ocean_shortcode_before_footer_widgets":"","ocean_shortcode_after_footer_widgets":"","ocean_shortcode_before_footer_bottom":"","ocean_shortcode_after_footer_bottom":"","ocean_display_top_bar":"default","ocean_display_header":"default","ocean_header_style":"","ocean_center_header_left_menu":"","ocean_custom_header_template":"","ocean_custom_logo":0,"ocean_custom_retina_logo":0,"ocean_custom_logo_max_width":0,"ocean_custom_logo_tablet_max_width":0,"ocean_custom_logo_mobile_max_width":0,"ocean_custom_logo_max_height":0,"ocean_custom_logo_tablet_max_height":0,"ocean_custom_logo_mobile_max_height":0,"ocean_header_custom_menu":"","ocean_menu_typo_font_family":"","ocean_menu_typo_font_subset":"","ocean_menu_typo_font_size":0,"ocean_menu_typo_font_size_tablet":0,"ocean_menu_typo_font_size_mobile":0,"ocean_menu_typo_font_size_unit":"px","ocean_menu_typo_font_weight":"","ocean_menu_typo_font_weight_tablet":"","ocean_menu_typo_font_weight_mobile":"","ocean_menu_typo_transform":"","ocean_menu_typo_transform_tablet":"","ocean_menu_typo_transform_mobile":"","ocean_menu_typo_line_height":0,"ocean_menu_typo_line_height_tablet":0,"ocean_menu_typo_line_height_mobile":0,"ocean_menu_typo_line_height_unit":"","ocean_menu_typo_spacing":0,"ocean_menu_typo_spacing_tablet":0,"ocean_menu_typo_spacing_mobile":0,"ocean_menu_typo_spacing_unit":"","ocean_menu_link_color":"","ocean_menu_link_color_hover":"","ocean_menu_link_color_active":"","ocean_menu_link_background":"","ocean_menu_link_hover_background":"","ocean_menu_link_active_background":"","ocean_menu_social_links_bg":"","ocean_menu_social_hover_links_bg":"","ocean_menu_social_links_color":"","ocean_menu_social_hover_links_color":"","ocean_disable_title":"on","ocean_disable_heading":"default","ocean_post_title":"","ocean_post_subheading":"","ocean_post_title_style":"","ocean_post_title_background_color":"","ocean_post_title_background":0,"ocean_post_title_bg_image_position":"","ocean_post_title_bg_image_attachment":"","ocean_post_title_bg_image_repeat":"","ocean_post_title_bg_image_size":"","ocean_post_title_height":0,"ocean_post_title_bg_overlay":0.5,"ocean_post_title_bg_overlay_color":"","ocean_disable_breadcrumbs":"default","ocean_breadcrumbs_color":"","ocean_breadcrumbs_separator_color":"","ocean_breadcrumbs_links_color":"","ocean_breadcrumbs_links_hover_color":"","ocean_display_footer_widgets":"default","ocean_display_footer_bottom":"default","ocean_custom_footer_template":"","footnotes":""},"class_list":["post-117","page","type-page","status-publish","hentry","entry"],"_links":{"self":[{"href":"https:\/\/jugendlager.at\/index.php\/wp-json\/wp\/v2\/pages\/117","targetHints":{"allow":["GET"]}}],"collection":[{"href":"https:\/\/jugendlager.at\/index.php\/wp-json\/wp\/v2\/pages"}],"about":[{"href":"https:\/\/jugendlager.at\/index.php\/wp-json\/wp\/v2\/types\/page"}],"author":[{"embeddable":true,"href":"https:\/\/jugendlager.at\/index.php\/wp-json\/wp\/v2\/users\/1"}],"replies":[{"embeddable":true,"href":"https:\/\/jugendlager.at\/index.php\/wp-json\/wp\/v2\/comments?post=117"}],"version-history":[{"count":14,"href":"https:\/\/jugendlager.at\/index.php\/wp-json\/wp\/v2\/pages\/117\/revisions"}],"predecessor-version":[{"id":342,"href":"https:\/\/jugendlager.at\/index.php\/wp-json\/wp\/v2\/pages\/117\/revisions\/342"}],"wp:attachment":[{"href":"https:\/\/jugendlager.at\/index.php\/wp-json\/wp\/v2\/media?parent=117"}],"curies":[{"name":"wp","href":"https:\/\/api.w.org\/{rel}","templated":true}]}}