{"id":252,"date":"2026-01-23T20:42:28","date_gmt":"2026-01-23T19:42:28","guid":{"rendered":"https:\/\/jugendlager.at\/?page_id=252"},"modified":"2026-01-24T11:54:33","modified_gmt":"2026-01-24T10:54:33","slug":"ueber-uns","status":"publish","type":"page","link":"https:\/\/jugendlager.at\/index.php\/ueber-uns\/","title":{"rendered":"\u00dcber uns"},"content":{"rendered":"\t\t<div data-elementor-type=\"wp-page\" data-elementor-id=\"252\" class=\"elementor elementor-252\">\n\t\t\t\t<div class=\"elementor-element elementor-element-2f36813 e-flex e-con-boxed e-con e-parent\" data-id=\"2f36813\" data-element_type=\"container\" data-e-type=\"container\">\n\t\t\t\t\t<div class=\"e-con-inner\">\n\t\t<div class=\"elementor-element elementor-element-1d95f32 e-con-full e-flex e-con e-child\" data-id=\"1d95f32\" data-element_type=\"container\" data-e-type=\"container\">\n\t\t\t\t<div class=\"elementor-element elementor-element-314c85a elementor-widget elementor-widget-heading\" data-id=\"314c85a\" data-element_type=\"widget\" data-e-type=\"widget\" data-widget_type=\"heading.default\">\n\t\t\t\t<div class=\"elementor-widget-container\">\n\t\t\t\t\t<h2 class=\"elementor-heading-title elementor-size-default\">Freiwillige Feuerwehr Burgkirchen<\/h2>\t\t\t\t<\/div>\n\t\t\t\t<\/div>\n\t\t\t\t<\/div>\n\t\t\t\t\t<\/div>\n\t\t\t\t<\/div>\n\t\t<div class=\"elementor-element elementor-element-d89d527 e-flex e-con-boxed e-con e-parent\" data-id=\"d89d527\" data-element_type=\"container\" data-e-type=\"container\">\n\t\t\t\t\t<div class=\"e-con-inner\">\n\t\t\t\t<div class=\"elementor-element elementor-element-894a7da elementor-widget__width-initial elementor-widget elementor-widget-image\" data-id=\"894a7da\" data-element_type=\"widget\" data-e-type=\"widget\" data-widget_type=\"image.default\">\n\t\t\t\t<div class=\"elementor-widget-container\">\n\t\t\t\t\t\t\t\t\t\t\t\t\t\t\t<img fetchpriority=\"high\" decoding=\"async\" width=\"629\" height=\"185\" src=\"https:\/\/jugendlager.at\/wp-content\/uploads\/2026\/01\/Logo-FF-Burgkirchen.jpg\" class=\"attachment-large size-large wp-image-242\" alt=\"\" srcset=\"https:\/\/jugendlager.at\/wp-content\/uploads\/2026\/01\/Logo-FF-Burgkirchen.jpg 629w, https:\/\/jugendlager.at\/wp-content\/uploads\/2026\/01\/Logo-FF-Burgkirchen-300x88.jpg 300w\" sizes=\"(max-width: 629px) 100vw, 629px\" \/>\t\t\t\t\t\t\t\t\t\t\t\t\t\t\t<\/div>\n\t\t\t\t<\/div>\n\t\t\t\t<div class=\"elementor-element elementor-element-d2f93ca elementor-widget__width-initial elementor-widget elementor-widget-text-editor\" data-id=\"d2f93ca\" data-element_type=\"widget\" data-e-type=\"widget\" data-widget_type=\"text-editor.default\">\n\t\t\t\t<div class=\"elementor-widget-container\">\n\t\t\t\t\t\t\t\t\t<p data-start=\"107\" data-end=\"342\">Die <strong data-start=\"111\" data-end=\"148\">Freiwillige Feuerwehr Burgkirchen<\/strong> ist einer der Hauptveranstalter des <strong data-start=\"185\" data-end=\"206\">Jugendlagers 2026<\/strong>. Gegr\u00fcndet wurde die Feuerwehr im Jahr <strong data-start=\"246\" data-end=\"254\">1890<\/strong>.\u00a0<\/p><p data-start=\"107\" data-end=\"342\">Aktuell z\u00e4hlt die Feuerwehr Burgkirchen rund <strong>90\u00a0Mitglieder im Aktivstand<\/strong>, <strong data-start=\"427\" data-end=\"467\">25 Mitglieder in der Feuerwehrjugend<\/strong> sowie <strong data-start=\"479\" data-end=\"512\">21 Mitglieder der Reserve<\/strong>. F\u00fcr Eins\u00e4tze stehen <strong data-start=\"534\" data-end=\"552\">vier Fahrzeuge<\/strong> zur Verf\u00fcgung: ein <strong data-start=\"572\" data-end=\"581\">KDO-F<\/strong>, ein <strong data-start=\"587\" data-end=\"601\">TLF-A 2000<\/strong>, ein <strong data-start=\"607\" data-end=\"616\">LFA-B<\/strong> und ein <strong data-start=\"625\" data-end=\"634\">KLF-L<\/strong>.<\/p><p data-start=\"637\" data-end=\"1250\">An der Spitze steht <strong data-start=\"693\" data-end=\"732\">Hauptbrandinspektor Bernhard Friedl<\/strong>, der als <strong data-start=\"742\" data-end=\"756\">Kommandant<\/strong> gemeinsam mit seinem Kommando und einen Kamerad:innen f\u00fcr Organisation, Ausbildung und Einsatzbereitschaft in der Feuerwehr sorgt. Neben Eins\u00e4tzen legt die Feuerwehr gro\u00dfen Wert auf Ausbildung, Teamarbeit und Nachwuchsarbeit.<\/p><p data-start=\"637\" data-end=\"1250\">Ein besonderer Schwerpunkt liegt auf der <strong data-start=\"996\" data-end=\"1015\">Feuerwehrjugend<\/strong>. Jugendliche bekommen hier die M\u00f6glichkeit, Feuerwehrwissen zu lernen, Verantwortung zu \u00fcbernehmen und Teil eines starken Teams zu sein. Das <strong data-start=\"1157\" data-end=\"1177\">Jugendlager 2026<\/strong> soll genau diese Werte f\u00f6rdern und den Gemeinschaftssinn weiter st\u00e4rken.<\/p>\t\t\t\t\t\t\t\t<\/div>\n\t\t\t\t<\/div>\n\t\t\t\t\t<\/div>\n\t\t\t\t<\/div>\n\t\t<div class=\"elementor-element elementor-element-7de9216 e-flex e-con-boxed e-con e-parent\" data-id=\"7de9216\" data-element_type=\"container\" data-e-type=\"container\">\n\t\t\t\t\t<div class=\"e-con-inner\">\n\t\t\t\t<div class=\"elementor-element elementor-element-7afba4b elementor-widget-divider--view-line elementor-widget elementor-widget-divider\" data-id=\"7afba4b\" data-element_type=\"widget\" data-e-type=\"widget\" data-widget_type=\"divider.default\">\n\t\t\t\t<div class=\"elementor-widget-container\">\n\t\t\t\t\t\t\t<div class=\"elementor-divider\">\n\t\t\t<span class=\"elementor-divider-separator\">\n\t\t\t\t\t\t<\/span>\n\t\t<\/div>\n\t\t\t\t\t\t<\/div>\n\t\t\t\t<\/div>\n\t\t\t\t\t<\/div>\n\t\t\t\t<\/div>\n\t\t<div class=\"elementor-element elementor-element-ac6ed00 e-flex e-con-boxed e-con e-parent\" data-id=\"ac6ed00\" data-element_type=\"container\" data-e-type=\"container\">\n\t\t\t\t\t<div class=\"e-con-inner\">\n\t\t<div class=\"elementor-element elementor-element-981aed9 e-con-full e-flex e-con e-child\" data-id=\"981aed9\" data-element_type=\"container\" data-e-type=\"container\">\n\t\t\t\t<div class=\"elementor-element elementor-element-7a2dbd3 elementor-widget elementor-widget-heading\" data-id=\"7a2dbd3\" data-element_type=\"widget\" data-e-type=\"widget\" data-widget_type=\"heading.default\">\n\t\t\t\t<div class=\"elementor-widget-container\">\n\t\t\t\t\t<h2 class=\"elementor-heading-title elementor-size-default\">Bezirksfeuerwehrkommando Braunau<\/h2>\t\t\t\t<\/div>\n\t\t\t\t<\/div>\n\t\t\t\t<\/div>\n\t\t\t\t\t<\/div>\n\t\t\t\t<\/div>\n\t\t<div class=\"elementor-element elementor-element-7da94ce e-flex e-con-boxed e-con e-parent\" data-id=\"7da94ce\" data-element_type=\"container\" data-e-type=\"container\">\n\t\t\t\t\t<div class=\"e-con-inner\">\n\t\t\t\t<div class=\"elementor-element elementor-element-7182edb elementor-widget__width-initial elementor-widget elementor-widget-text-editor\" data-id=\"7182edb\" data-element_type=\"widget\" data-e-type=\"widget\" data-widget_type=\"text-editor.default\">\n\t\t\t\t<div class=\"elementor-widget-container\">\n\t\t\t\t\t\t\t\t\t<p>Das <strong>Bezirksfeuerwehrkommando Braunau<\/strong> ist gemeinsam mit der <strong>Freiwilligen Feuerwehr Burgkirchen<\/strong> zweiter Hauptveranstalter des <strong>Jugendlagers 2026<\/strong>. Es unterst\u00fctzt und koordiniert die Feuerwehren im gesamten Feuerwehrbezirk Braunau. <br \/><br \/>Zum Feuerwehrbezirk Braunau geh\u00f6ren <strong>79 Feuerwehren<\/strong>, gegliedert in die vier Abschnitte <strong>Braunau, Mattighofen, Mauerkirchen und Wildshut<\/strong>. Rund <strong>10.000 Mitglieder<\/strong>, darunter etwa <strong>1.000 Jugendliche<\/strong>, engagieren sich im Bezirk. <br \/><br \/>Das Bezirksfeuerwehrkommando legt gro\u00dfen Wert auf <strong>Ausbildung, Nachwuchsarbeit und Gemeinschaft<\/strong> \u2013 Werte, die auch beim <strong>Jugendlager 2026<\/strong> im Mittelpunkt stehen.<\/p>\t\t\t\t\t\t\t\t<\/div>\n\t\t\t\t<\/div>\n\t\t\t\t<div class=\"elementor-element elementor-element-3053ac6 elementor-widget__width-initial elementor-widget elementor-widget-image\" data-id=\"3053ac6\" data-element_type=\"widget\" data-e-type=\"widget\" data-widget_type=\"image.default\">\n\t\t\t\t<div class=\"elementor-widget-container\">\n\t\t\t\t\t\t\t\t\t\t\t\t\t\t\t<img decoding=\"async\" width=\"260\" height=\"104\" src=\"https:\/\/jugendlager.at\/wp-content\/uploads\/2026\/01\/Design-ohne-Titel.png\" class=\"attachment-large size-large wp-image-244\" alt=\"\" \/>\t\t\t\t\t\t\t\t\t\t\t\t\t\t\t<\/div>\n\t\t\t\t<\/div>\n\t\t\t\t\t<\/div>\n\t\t\t\t<\/div>\n\t\t\t\t<\/div>\n\t\t","protected":false},"excerpt":{"rendered":"<p>Freiwillige Feuerwehr Burgkirchen Die Freiwillige Feuerwehr Burgkirchen ist einer der Hauptveranstalter des Jugendlagers 2026. Gegr\u00fcndet wurde die Feuerwehr im Jahr 1890.\u00a0 Aktuell z\u00e4hlt die Feuerwehr Burgkirchen rund 90\u00a0Mitglieder im Aktivstand, 25 Mitglieder in der Feuerwehrjugend sowie 21 Mitglieder der Reserve. F\u00fcr Eins\u00e4tze stehen vier Fahrzeuge zur Verf\u00fcgung: ein KDO-F, ein TLF-A 2000, ein LFA-B und [&hellip;]<\/p>\n","protected":false},"author":1,"featured_media":0,"parent":0,"menu_order":0,"comment_status":"closed","ping_status":"closed","template":"","meta":{"ocean_post_layout":"full-screen","ocean_both_sidebars_style":"","ocean_both_sidebars_content_width":0,"ocean_both_sidebars_sidebars_width":0,"ocean_sidebar":"","ocean_second_sidebar":"","ocean_disable_margins":"enable","ocean_add_body_class":"","ocean_shortcode_before_top_bar":"","ocean_shortcode_after_top_bar":"","ocean_shortcode_before_header":"","ocean_shortcode_after_header":"","ocean_has_shortcode":"","ocean_shortcode_after_title":"","ocean_shortcode_before_footer_widgets":"","ocean_shortcode_after_footer_widgets":"","ocean_shortcode_before_footer_bottom":"","ocean_shortcode_after_footer_bottom":"","ocean_display_top_bar":"default","ocean_display_header":"default","ocean_header_style":"","ocean_center_header_left_menu":"","ocean_custom_header_template":"","ocean_custom_logo":0,"ocean_custom_retina_logo":0,"ocean_custom_logo_max_width":0,"ocean_custom_logo_tablet_max_width":0,"ocean_custom_logo_mobile_max_width":0,"ocean_custom_logo_max_height":0,"ocean_custom_logo_tablet_max_height":0,"ocean_custom_logo_mobile_max_height":0,"ocean_header_custom_menu":"","ocean_menu_typo_font_family":"","ocean_menu_typo_font_subset":"","ocean_menu_typo_font_size":0,"ocean_menu_typo_font_size_tablet":0,"ocean_menu_typo_font_size_mobile":0,"ocean_menu_typo_font_size_unit":"px","ocean_menu_typo_font_weight":"","ocean_menu_typo_font_weight_tablet":"","ocean_menu_typo_font_weight_mobile":"","ocean_menu_typo_transform":"","ocean_menu_typo_transform_tablet":"","ocean_menu_typo_transform_mobile":"","ocean_menu_typo_line_height":0,"ocean_menu_typo_line_height_tablet":0,"ocean_menu_typo_line_height_mobile":0,"ocean_menu_typo_line_height_unit":"","ocean_menu_typo_spacing":0,"ocean_menu_typo_spacing_tablet":0,"ocean_menu_typo_spacing_mobile":0,"ocean_menu_typo_spacing_unit":"","ocean_menu_link_color":"","ocean_menu_link_color_hover":"","ocean_menu_link_color_active":"","ocean_menu_link_background":"","ocean_menu_link_hover_background":"","ocean_menu_link_active_background":"","ocean_menu_social_links_bg":"","ocean_menu_social_hover_links_bg":"","ocean_menu_social_links_color":"","ocean_menu_social_hover_links_color":"","ocean_disable_title":"on","ocean_disable_heading":"default","ocean_post_title":"","ocean_post_subheading":"","ocean_post_title_style":"","ocean_post_title_background_color":"","ocean_post_title_background":0,"ocean_post_title_bg_image_position":"","ocean_post_title_bg_image_attachment":"","ocean_post_title_bg_image_repeat":"","ocean_post_title_bg_image_size":"","ocean_post_title_height":0,"ocean_post_title_bg_overlay":0.5,"ocean_post_title_bg_overlay_color":"","ocean_disable_breadcrumbs":"default","ocean_breadcrumbs_color":"","ocean_breadcrumbs_separator_color":"","ocean_breadcrumbs_links_color":"","ocean_breadcrumbs_links_hover_color":"","ocean_display_footer_widgets":"default","ocean_display_footer_bottom":"default","ocean_custom_footer_template":"","footnotes":""},"class_list":["post-252","page","type-page","status-publish","hentry","entry"],"_links":{"self":[{"href":"https:\/\/jugendlager.at\/index.php\/wp-json\/wp\/v2\/pages\/252","targetHints":{"allow":["GET"]}}],"collection":[{"href":"https:\/\/jugendlager.at\/index.php\/wp-json\/wp\/v2\/pages"}],"about":[{"href":"https:\/\/jugendlager.at\/index.php\/wp-json\/wp\/v2\/types\/page"}],"author":[{"embeddable":true,"href":"https:\/\/jugendlager.at\/index.php\/wp-json\/wp\/v2\/users\/1"}],"replies":[{"embeddable":true,"href":"https:\/\/jugendlager.at\/index.php\/wp-json\/wp\/v2\/comments?post=252"}],"version-history":[{"count":11,"href":"https:\/\/jugendlager.at\/index.php\/wp-json\/wp\/v2\/pages\/252\/revisions"}],"predecessor-version":[{"id":286,"href":"https:\/\/jugendlager.at\/index.php\/wp-json\/wp\/v2\/pages\/252\/revisions\/286"}],"wp:attachment":[{"href":"https:\/\/jugendlager.at\/index.php\/wp-json\/wp\/v2\/media?parent=252"}],"curies":[{"name":"wp","href":"https:\/\/api.w.org\/{rel}","templated":true}]}}