{"id":294,"date":"2026-02-24T13:34:04","date_gmt":"2026-02-24T12:34:04","guid":{"rendered":"https:\/\/jugendlager.at\/?page_id=294"},"modified":"2026-03-26T21:06:49","modified_gmt":"2026-03-26T20:06:49","slug":"umfrage-mithilfe-jugendlager-2026-in-burgkirchen","status":"publish","type":"page","link":"https:\/\/jugendlager.at\/index.php\/umfrage-mithilfe-jugendlager-2026-in-burgkirchen\/","title":{"rendered":"Unterst\u00fctzung BFK Braunau"},"content":{"rendered":"\n<p><strong>Auf- und Abbau &#8211; Jugendlager 2026<\/strong><br>Wir brauchen Deine Mithilfe beim Aufbau der Infrastruktur, Z\u00e4une, Absperrungen, usw. \u2026<br>Sowie deren Abbau am Ende des Jugendlagers.<br><a href=\"https:\/\/xoyondo.com\/dp\/r7kbcvrku695kk4\">https:\/\/xoyondo.com\/dp\/r7kbcvrku695kk4<\/a><\/p>\n\n\n\n<p><\/p>\n\n\n\n<p><\/p>\n\n\n\n<p><strong>Arbeitsdienst u. Lagerbetrieb &#8211; Jugendlager 2026<br><\/strong>Durchf\u00fchren allgemeiner Reparaturen, Verbesserungen beim Lager,<br>Vorbereiten bzw. Aufbau der Veranstaltungen, usw. \u2026<br><a href=\"https:\/\/xoyondo.com\/dp\/s5ei7p42yazxvqb\">https:\/\/xoyondo.com\/dp\/s5ei7p42yazxvqb<\/a><\/p>\n\n\n\n<p><\/p>\n\n\n\n<p><\/p>\n\n\n\n<p><strong>Ausgabe Fr\u00fchst\u00fcck\/Mittagessen\/Abendessen \u2013 Jugendlager 2026<\/strong><br>Auf und Abbau zur Essensausgabe an die Jugendlichen sowie Reinigungsarbeiten in diesem Arbeitsbereich!<br><a href=\"https:\/\/xoyondo.com\/dp\/xjmmyiy0uq5yhfp\">https:\/\/xoyondo.com\/dp\/xjmmyiy0uq5yhfp<\/a><\/p>\n\n\n\n<p><\/p>\n\n\n\n<p><\/p>\n\n\n\n<p><strong>Abwasch Geschirr \u2013 Jugendlager 2026<\/strong><br>Reinigung des Geschirrs mittels Abwaschstra\u00dfe nach dem Fr\u00fchst\u00fcck, Mittag- und Abendessen!<br><a href=\"https:\/\/xoyondo.com\/dp\/ds0bjbwk8mw4m7j\">https:\/\/xoyondo.com\/dp\/ds0bjbwk8mw4m7j<\/a><\/p>\n\n\n\n<p><\/p>\n\n\n\n<p><\/p>\n\n\n\n<p><strong>Lotsendienst \u2013 Jugendlager 2026<\/strong><br>Absichern von Stra\u00dfenquerungen auf der Route der Lagerolympiade! Lotsendienst und Verkehrsregelung an den Elternabenden! Mitzubringen ist Lotsenweste, Winkerkelle oder Stab.<br><a href=\"https:\/\/xoyondo.com\/dp\/uqtorr8t84qf3ub\">https:\/\/xoyondo.com\/dp\/uqtorr8t84qf3ub<\/a><\/p>\n\n\n\n<p><\/p>\n\n\n\n<p><\/p>\n\n\n\n<p><strong>Fahrdienst MTF &#8211; Jugendlager 2026<br><\/strong>Bef\u00f6rderung von Allgemeinen Materialien.<br>Sowie an den Tagen der Lagerolympiade Transport der Bewerter zu und von der Station!<br><a href=\"https:\/\/xoyondo.com\/dp\/hwhh1phd2vz3dj8\">https:\/\/xoyondo.com\/dp\/hwhh1phd2vz3dj8<\/a><\/p>\n\n\n\n<p><\/p>\n\n\n\n<p><\/p>\n\n\n\n<p><strong>Fahrdienst Logistik &#8211; Jugendlager 2026<\/strong><br>Transport von G\u00fctern und Waren jeglicher Art.<br>Mitzubringen sind ein Hubwagen und Besatzung bitte 2 Kameraden.<br><a href=\"https:\/\/xoyondo.com\/dp\/d72skho33zpm6kr\">https:\/\/xoyondo.com\/dp\/d72skho33zpm6kr<\/a><\/p>\n\n\n\n<p><\/p>\n","protected":false},"excerpt":{"rendered":"<p>Auf- und Abbau &#8211; Jugendlager 2026Wir brauchen Deine Mithilfe beim Aufbau der Infrastruktur, Z\u00e4une, Absperrungen, usw. \u2026Sowie deren Abbau am Ende des Jugendlagers.https:\/\/xoyondo.com\/dp\/r7kbcvrku695kk4 Arbeitsdienst u. Lagerbetrieb &#8211; Jugendlager 2026Durchf\u00fchren allgemeiner Reparaturen, Verbesserungen beim Lager,Vorbereiten bzw. Aufbau der Veranstaltungen, usw. \u2026https:\/\/xoyondo.com\/dp\/s5ei7p42yazxvqb Ausgabe Fr\u00fchst\u00fcck\/Mittagessen\/Abendessen \u2013 Jugendlager 2026Auf und Abbau zur Essensausgabe an die Jugendlichen sowie Reinigungsarbeiten in [&hellip;]<\/p>\n","protected":false},"author":2,"featured_media":0,"parent":0,"menu_order":0,"comment_status":"closed","ping_status":"closed","template":"","meta":{"ocean_post_layout":"full-width","ocean_both_sidebars_style":"","ocean_both_sidebars_content_width":0,"ocean_both_sidebars_sidebars_width":0,"ocean_sidebar":"","ocean_second_sidebar":"","ocean_disable_margins":"enable","ocean_add_body_class":"","ocean_shortcode_before_top_bar":"","ocean_shortcode_after_top_bar":"","ocean_shortcode_before_header":"","ocean_shortcode_after_header":"","ocean_has_shortcode":"","ocean_shortcode_after_title":"","ocean_shortcode_before_footer_widgets":"","ocean_shortcode_after_footer_widgets":"","ocean_shortcode_before_footer_bottom":"","ocean_shortcode_after_footer_bottom":"","ocean_display_top_bar":"default","ocean_display_header":"default","ocean_header_style":"","ocean_center_header_left_menu":"","ocean_custom_header_template":"","ocean_custom_logo":0,"ocean_custom_retina_logo":0,"ocean_custom_logo_max_width":0,"ocean_custom_logo_tablet_max_width":0,"ocean_custom_logo_mobile_max_width":0,"ocean_custom_logo_max_height":0,"ocean_custom_logo_tablet_max_height":0,"ocean_custom_logo_mobile_max_height":0,"ocean_header_custom_menu":"","ocean_menu_typo_font_family":"","ocean_menu_typo_font_subset":"","ocean_menu_typo_font_size":0,"ocean_menu_typo_font_size_tablet":0,"ocean_menu_typo_font_size_mobile":0,"ocean_menu_typo_font_size_unit":"px","ocean_menu_typo_font_weight":"","ocean_menu_typo_font_weight_tablet":"","ocean_menu_typo_font_weight_mobile":"","ocean_menu_typo_transform":"","ocean_menu_typo_transform_tablet":"","ocean_menu_typo_transform_mobile":"","ocean_menu_typo_line_height":0,"ocean_menu_typo_line_height_tablet":0,"ocean_menu_typo_line_height_mobile":0,"ocean_menu_typo_line_height_unit":"","ocean_menu_typo_spacing":0,"ocean_menu_typo_spacing_tablet":0,"ocean_menu_typo_spacing_mobile":0,"ocean_menu_typo_spacing_unit":"","ocean_menu_link_color":"","ocean_menu_link_color_hover":"","ocean_menu_link_color_active":"","ocean_menu_link_background":"","ocean_menu_link_hover_background":"","ocean_menu_link_active_background":"","ocean_menu_social_links_bg":"","ocean_menu_social_hover_links_bg":"","ocean_menu_social_links_color":"","ocean_menu_social_hover_links_color":"","ocean_disable_title":"default","ocean_disable_heading":"default","ocean_post_title":"","ocean_post_subheading":"","ocean_post_title_style":"","ocean_post_title_background_color":"","ocean_post_title_background":0,"ocean_post_title_bg_image_position":"","ocean_post_title_bg_image_attachment":"","ocean_post_title_bg_image_repeat":"","ocean_post_title_bg_image_size":"","ocean_post_title_height":0,"ocean_post_title_bg_overlay":0.5,"ocean_post_title_bg_overlay_color":"","ocean_disable_breadcrumbs":"default","ocean_breadcrumbs_color":"","ocean_breadcrumbs_separator_color":"","ocean_breadcrumbs_links_color":"","ocean_breadcrumbs_links_hover_color":"","ocean_display_footer_widgets":"default","ocean_display_footer_bottom":"default","ocean_custom_footer_template":"","footnotes":""},"class_list":["post-294","page","type-page","status-publish","hentry","entry"],"_links":{"self":[{"href":"https:\/\/jugendlager.at\/index.php\/wp-json\/wp\/v2\/pages\/294","targetHints":{"allow":["GET"]}}],"collection":[{"href":"https:\/\/jugendlager.at\/index.php\/wp-json\/wp\/v2\/pages"}],"about":[{"href":"https:\/\/jugendlager.at\/index.php\/wp-json\/wp\/v2\/types\/page"}],"author":[{"embeddable":true,"href":"https:\/\/jugendlager.at\/index.php\/wp-json\/wp\/v2\/users\/2"}],"replies":[{"embeddable":true,"href":"https:\/\/jugendlager.at\/index.php\/wp-json\/wp\/v2\/comments?post=294"}],"version-history":[{"count":5,"href":"https:\/\/jugendlager.at\/index.php\/wp-json\/wp\/v2\/pages\/294\/revisions"}],"predecessor-version":[{"id":343,"href":"https:\/\/jugendlager.at\/index.php\/wp-json\/wp\/v2\/pages\/294\/revisions\/343"}],"wp:attachment":[{"href":"https:\/\/jugendlager.at\/index.php\/wp-json\/wp\/v2\/media?parent=294"}],"curies":[{"name":"wp","href":"https:\/\/api.w.org\/{rel}","templated":true}]}}